{"id":2161,"date":"2022-08-10T11:39:19","date_gmt":"2022-08-10T09:39:19","guid":{"rendered":"https:\/\/ww1.amojeunest.be\/intra\/?page_id=2161"},"modified":"2023-02-02T14:44:31","modified_gmt":"2023-02-02T13:44:31","slug":"contact","status":"publish","type":"page","link":"https:\/\/ww1.amojeunest.be\/intra\/contact\/","title":{"rendered":"Ajout d&rsquo;un contact"},"content":{"rendered":"\t\t<div data-elementor-type=\"wp-page\" data-elementor-id=\"2161\" class=\"elementor elementor-2161\" data-elementor-post-type=\"page\">\n\t\t\t\t\t\t<section class=\"elementor-section elementor-top-section elementor-element elementor-element-0220351 elementor-section-full_width elementor-section-height-default elementor-section-height-default\" data-id=\"0220351\" data-element_type=\"section\">\n\t\t\t\t\t\t<div class=\"elementor-container elementor-column-gap-default\">\n\t\t\t\t\t<div class=\"elementor-column elementor-col-100 elementor-top-column elementor-element elementor-element-27fc0cb\" data-id=\"27fc0cb\" data-element_type=\"column\">\n\t\t\t<div class=\"elementor-widget-wrap elementor-element-populated\">\n\t\t\t\t\t\t<div class=\"elementor-element elementor-element-5543c10 elementor-widget elementor-widget-text-editor\" data-id=\"5543c10\" data-element_type=\"widget\" data-widget_type=\"text-editor.default\">\n\t\t\t\t<div class=\"elementor-widget-container\">\n\t\t\t\t\t\t\t\t\t<script type=\"text\/javascript\">var gform;gform||(document.addEventListener(\"gform_main_scripts_loaded\",function(){gform.scriptsLoaded=!0}),window.addEventListener(\"DOMContentLoaded\",function(){gform.domLoaded=!0}),gform={domLoaded:!1,scriptsLoaded:!1,initializeOnLoaded:function(o){gform.domLoaded&&gform.scriptsLoaded?o():!gform.domLoaded&&gform.scriptsLoaded?window.addEventListener(\"DOMContentLoaded\",o):document.addEventListener(\"gform_main_scripts_loaded\",o)},hooks:{action:{},filter:{}},addAction:function(o,n,r,t){gform.addHook(\"action\",o,n,r,t)},addFilter:function(o,n,r,t){gform.addHook(\"filter\",o,n,r,t)},doAction:function(o){gform.doHook(\"action\",o,arguments)},applyFilters:function(o){return gform.doHook(\"filter\",o,arguments)},removeAction:function(o,n){gform.removeHook(\"action\",o,n)},removeFilter:function(o,n,r){gform.removeHook(\"filter\",o,n,r)},addHook:function(o,n,r,t,i){null==gform.hooks[o][n]&&(gform.hooks[o][n]=[]);var e=gform.hooks[o][n];null==i&&(i=n+\"_\"+e.length),gform.hooks[o][n].push({tag:i,callable:r,priority:t=null==t?10:t})},doHook:function(n,o,r){var t;if(r=Array.prototype.slice.call(r,1),null!=gform.hooks[n][o]&&((o=gform.hooks[n][o]).sort(function(o,n){return o.priority-n.priority}),o.forEach(function(o){\"function\"!=typeof(t=o.callable)&&(t=window[t]),\"action\"==n?t.apply(null,r):r[0]=t.apply(null,r)})),\"filter\"==n)return r[0]},removeHook:function(o,n,t,i){var r;null!=gform.hooks[o][n]&&(r=(r=gform.hooks[o][n]).filter(function(o,n,r){return!!(null!=i&&i!=o.tag||null!=t&&t!=o.priority)}),gform.hooks[o][n]=r)}});<\/script>\n                <div class='gf_browser_gecko gform_wrapper gravity-theme gform-theme--no-framework' data-form-theme='gravity-theme' data-form-index='0' id='gform_wrapper_1' style='display:none'>\n                        <div class='gform_heading'>\n                            <h2 class=\"gform_title\">Annuaire<\/h2>\n                            <p class='gform_description'>Annuaire de nos diff\u00e9rents contacts<\/p>\n                        <\/div><form method='post' enctype='multipart\/form-data'  id='gform_1'  action='\/intra\/wp-json\/wp\/v2\/pages\/2161' data-formid='1' novalidate>\n                        <div class='gform-body gform_body'><div id='gform_fields_1' class='gform_fields top_label form_sublabel_below description_below validation_below'><fieldset id=\"field_1_1\" class=\"gfield gfield--type-radio gfield--type-choice field_sublabel_below gfield--no-description field_description_below field_validation_below gfield_visibility_visible\"  data-js-reload=\"field_1_1\" ><legend class='gfield_label gform-field-label' >Type de contact<\/legend><div class='ginput_container ginput_container_radio'><div class='gfield_radio' id='input_1_1'>\n\t\t\t<div class='gchoice gchoice_1_1_0'>\n\t\t\t\t\t<input class='gfield-choice-input' name='input_1' type='radio' value='Professionnel'  id='choice_1_1_0' onchange='gformToggleRadioOther( this )'    \/>\n\t\t\t\t\t<label for='choice_1_1_0' id='label_1_1_0' class='gform-field-label gform-field-label--type-inline'>Professionnel<\/label>\n\t\t\t<\/div>\n\t\t\t<div class='gchoice gchoice_1_1_1'>\n\t\t\t\t\t<input class='gfield-choice-input' name='input_1' type='radio' value='Priv\u00e9'  id='choice_1_1_1' onchange='gformToggleRadioOther( this )'    \/>\n\t\t\t\t\t<label for='choice_1_1_1' id='label_1_1_1' class='gform-field-label gform-field-label--type-inline'>Priv\u00e9<\/label>\n\t\t\t<\/div><\/div><\/div><\/fieldset><div id=\"field_1_3\" class=\"gfield gfield--type-section gsection field_sublabel_below gfield--has-description field_description_below field_validation_below gfield_visibility_visible\"  data-js-reload=\"field_1_3\" ><h3 class=\"gsection_title\">Informations<\/h3><div class='gsection_description' id='gfield_description_1_3'>Renseignez ci-dessous toutes les informations utiles et n\u00e9cessaires pour ce contact<\/div><\/div><div id=\"field_1_5\" class=\"gfield gfield--type-text gfield--width-full field_sublabel_below gfield--has-description field_description_below field_validation_below gfield_visibility_visible\"  data-js-reload=\"field_1_5\" ><label class='gfield_label gform-field-label' for='input_1_5'>Nom du partenaire<\/label><div class='ginput_container ginput_container_text'><input name='input_5' id='input_1_5' type='text' value='' class='large'  aria-describedby=\"gfield_description_1_5\"    aria-invalid=\"false\"   \/> <\/div><div class='gfield_description' id='gfield_description_1_5'>Mentionnez ci-dessous le nom du service (Exemple : Ecole Communale d&rsquo;Incourt, SAJ, SPJ, CPAS de Jodoigne, &#8230;)<\/div><\/div><div id=\"field_1_6\" class=\"gfield gfield--type-text gfield--width-half field_sublabel_below gfield--no-description field_description_below field_validation_below gfield_visibility_visible\"  data-js-reload=\"field_1_6\" ><label class='gfield_label gform-field-label' for='input_1_6'>Nom<\/label><div class='ginput_container ginput_container_text'><input name='input_6' id='input_1_6' type='text' value='' class='large'      aria-invalid=\"false\"   \/> <\/div><\/div><div id=\"field_1_7\" class=\"gfield gfield--type-text gfield--width-half field_sublabel_below gfield--no-description field_description_below field_validation_below gfield_visibility_visible\"  data-js-reload=\"field_1_7\" ><label class='gfield_label gform-field-label' for='input_1_7'>Pr\u00e9nom<\/label><div class='ginput_container ginput_container_text'><input name='input_7' id='input_1_7' type='text' value='' class='large'      aria-invalid=\"false\"   \/> <\/div><\/div><div id=\"field_1_9\" class=\"gfield gfield--type-select gfield--width-half field_sublabel_below gfield--has-description field_description_below field_validation_below gfield_visibility_visible\"  data-js-reload=\"field_1_9\" ><label class='gfield_label gform-field-label' for='input_1_9'>Statut<\/label><div class='ginput_container ginput_container_select'><select name='input_9' id='input_1_9' class='large gfield_select'  aria-describedby=\"gfield_description_1_9\"   aria-invalid=\"false\" ><option value='Assistant(e) social(e)' >Assistant(e) social(e)<\/option><option value='Bourgmestre' >Bourgmestre<\/option><option value='Contact' >Contact<\/option><option value='D\u00e9l\u00e9gu\u00e9(e)' >D\u00e9l\u00e9gu\u00e9(e)<\/option><option value='D\u00e9put\u00e9(e)' >D\u00e9put\u00e9(e)<\/option><option value='Directeur\/Directrice' >Directeur\/Directrice<\/option><option value='Echevin de la Culture' >Echevin de la Culture<\/option><option value='Echevin de la Jeunesse' >Echevin de la Jeunesse<\/option><option value='\u00c9ducateur\/\u00c9ducatrice' >\u00c9ducateur\/\u00c9ducatrice<\/option><option value='Gestionnaire de dossier' >Gestionnaire de dossier<\/option><option value='Infirmier(\u00e8re) en chef' >Infirmier(\u00e8re) en chef<\/option><option value='Ministre' >Ministre<\/option><option value='Pr\u00e9fet' >Pr\u00e9fet<\/option><option value='Professeur' >Professeur<\/option><option value='Proviseur' >Proviseur<\/option><option value='Secr\u00e9taire' >Secr\u00e9taire<\/option><\/select><\/div><div class='gfield_description' id='gfield_description_1_9'>S\u00e9lectionnez le statut de cette personne. Si un statut est manquant, merci d&rsquo;envoyer un e-mail \u00e0 michael.verhoeven@amojeunest.be<\/div><\/div><div id=\"field_1_15\" class=\"gfield gfield--type-text gfield--width-half field_sublabel_below gfield--no-description field_description_below field_validation_below gfield_visibility_visible\"  data-js-reload=\"field_1_15\" ><label class='gfield_label gform-field-label' for='input_1_15'>Statut (autre)<\/label><div class='ginput_container ginput_container_text'><input name='input_15' id='input_1_15' type='text' value='' class='large'      aria-invalid=\"false\"   \/> <\/div><\/div><fieldset id=\"field_1_8\" class=\"gfield gfield--type-address gfield--width-full field_sublabel_below gfield--no-description field_description_below field_validation_below gfield_visibility_visible\"  data-js-reload=\"field_1_8\" ><legend class='gfield_label gform-field-label gfield_label_before_complex' >Adresse<\/legend>    \n                    <div class='ginput_complex ginput_container has_street has_city has_zip ginput_container_address gform-grid-row' id='input_1_8' >\n                         <span class='ginput_full address_line_1 ginput_address_line_1 gform-grid-col' id='input_1_8_1_container' >\n                                        <input type='text' name='input_8.1' id='input_1_8_1' value=''    aria-required='false'    \/>\n                                        <label for='input_1_8_1' id='input_1_8_1_label' class='gform-field-label gform-field-label--type-sub '>Adresse postale<\/label>\n                                    <\/span><span class='ginput_left address_city ginput_address_city gform-grid-col' id='input_1_8_3_container' >\n                                    <input type='text' name='input_8.3' id='input_1_8_3' value=''    aria-required='false'    \/>\n                                    <label for='input_1_8_3' id='input_1_8_3_label' class='gform-field-label gform-field-label--type-sub '>Ville<\/label>\n                                 <\/span><input type='hidden' class='gform_hidden' name='input_8.4' id='input_1_8_4' value=''\/><span class='ginput_right address_zip ginput_address_zip gform-grid-col' id='input_1_8_5_container' >\n                                    <input type='text' name='input_8.5' id='input_1_8_5' value=''    aria-required='false'    \/>\n                                    <label for='input_1_8_5' id='input_1_8_5_label' class='gform-field-label gform-field-label--type-sub '>Code postal<\/label>\n                                <\/span><input type='hidden' class='gform_hidden' name='input_8.6' id='input_1_8_6' value='' \/>\n                    <div class='gf_clear gf_clear_complex'><\/div>\n                <\/div><\/fieldset><div id=\"field_1_10\" class=\"gfield gfield--type-phone gfield--width-half field_sublabel_below gfield--no-description field_description_below field_validation_below gfield_visibility_visible\"  data-js-reload=\"field_1_10\" ><label class='gfield_label gform-field-label' for='input_1_10'>T\u00e9l\u00e9phone (ligne fixe)<\/label><div class='ginput_container ginput_container_phone'><input name='input_10' id='input_1_10' type='tel' value='' class='large'    aria-invalid=\"false\"   \/><\/div><\/div><div id=\"field_1_11\" class=\"gfield gfield--type-phone gfield--width-half field_sublabel_below gfield--no-description field_description_below field_validation_below gfield_visibility_visible\"  data-js-reload=\"field_1_11\" ><label class='gfield_label gform-field-label' for='input_1_11'>Gsm<\/label><div class='ginput_container ginput_container_phone'><input name='input_11' id='input_1_11' type='tel' value='' class='large'    aria-invalid=\"false\"   \/><\/div><\/div><div id=\"field_1_12\" class=\"gfield gfield--type-email gfield--width-full field_sublabel_below gfield--no-description field_description_below field_validation_below gfield_visibility_visible\"  data-js-reload=\"field_1_12\" ><label class='gfield_label gform-field-label' for='input_1_12'>Adresse e-mail<\/label><div class='ginput_container ginput_container_email'>\n                            <input name='input_12' id='input_1_12' type='email' value='' class='large'     aria-invalid=\"false\"  \/>\n                        <\/div><\/div><fieldset id=\"field_1_13\" class=\"gfield gfield--type-checkbox gfield--type-choice gfield--width-full field_sublabel_below gfield--no-description field_description_below field_validation_below gfield_visibility_visible\"  data-js-reload=\"field_1_13\" ><legend class='gfield_label gform-field-label gfield_label_before_complex' >Pr\u00e9f\u00e9rence de contact<\/legend><div class='ginput_container ginput_container_checkbox'><div class='gfield_checkbox' id='input_1_13'><div class='gchoice gchoice_1_13_1'>\n\t\t\t\t\t\t\t\t<input class='gfield-choice-input' name='input_13.1' type='checkbox'  value='Messenger'  id='choice_1_13_1'   \/>\n\t\t\t\t\t\t\t\t<label for='choice_1_13_1' id='label_1_13_1' class='gform-field-label gform-field-label--type-inline'>Messenger<\/label>\n\t\t\t\t\t\t\t<\/div><div class='gchoice gchoice_1_13_2'>\n\t\t\t\t\t\t\t\t<input class='gfield-choice-input' name='input_13.2' type='checkbox'  value='WhatsApp'  id='choice_1_13_2'   \/>\n\t\t\t\t\t\t\t\t<label for='choice_1_13_2' id='label_1_13_2' class='gform-field-label gform-field-label--type-inline'>WhatsApp<\/label>\n\t\t\t\t\t\t\t<\/div><div class='gchoice gchoice_1_13_3'>\n\t\t\t\t\t\t\t\t<input class='gfield-choice-input' name='input_13.3' type='checkbox'  value='T\u00e9l\u00e9phone'  id='choice_1_13_3'   \/>\n\t\t\t\t\t\t\t\t<label for='choice_1_13_3' id='label_1_13_3' class='gform-field-label gform-field-label--type-inline'>T\u00e9l\u00e9phone<\/label>\n\t\t\t\t\t\t\t<\/div><div class='gchoice gchoice_1_13_4'>\n\t\t\t\t\t\t\t\t<input class='gfield-choice-input' name='input_13.4' type='checkbox'  value='Gsm'  id='choice_1_13_4'   \/>\n\t\t\t\t\t\t\t\t<label for='choice_1_13_4' id='label_1_13_4' class='gform-field-label gform-field-label--type-inline'>Gsm<\/label>\n\t\t\t\t\t\t\t<\/div><div class='gchoice gchoice_1_13_5'>\n\t\t\t\t\t\t\t\t<input class='gfield-choice-input' name='input_13.5' type='checkbox'  value='E-mail'  id='choice_1_13_5'   \/>\n\t\t\t\t\t\t\t\t<label for='choice_1_13_5' id='label_1_13_5' class='gform-field-label gform-field-label--type-inline'>E-mail<\/label>\n\t\t\t\t\t\t\t<\/div><div class='gchoice gchoice_1_13_6'>\n\t\t\t\t\t\t\t\t<input class='gfield-choice-input' name='input_13.6' type='checkbox'  value='Courrier'  id='choice_1_13_6'   \/>\n\t\t\t\t\t\t\t\t<label for='choice_1_13_6' id='label_1_13_6' class='gform-field-label gform-field-label--type-inline'>Courrier<\/label>\n\t\t\t\t\t\t\t<\/div><\/div><\/div><\/fieldset><div id=\"field_1_14\" class=\"gfield gfield--type-textarea gfield--width-full field_sublabel_below gfield--no-description field_description_below field_validation_below gfield_visibility_visible\"  data-js-reload=\"field_1_14\" ><label class='gfield_label gform-field-label' for='input_1_14'>Informations compl\u00e9mentaires<\/label><div class='ginput_container ginput_container_textarea'><textarea name='input_14' id='input_1_14' class='textarea large'      aria-invalid=\"false\"   rows='10' cols='50'><\/textarea><\/div><\/div><\/div><\/div>\n        <div class='gform_footer top_label'> <input type='submit' id='gform_submit_button_1' class='gform_button button' value='Envoyer'  onclick='if(window[\"gf_submitting_1\"]){return false;}  if( !jQuery(\"#gform_1\")[0].checkValidity || jQuery(\"#gform_1\")[0].checkValidity()){window[\"gf_submitting_1\"]=true;}  ' onkeypress='if( event.keyCode == 13 ){ if(window[\"gf_submitting_1\"]){return false;} if( !jQuery(\"#gform_1\")[0].checkValidity || jQuery(\"#gform_1\")[0].checkValidity()){window[\"gf_submitting_1\"]=true;}  jQuery(\"#gform_1\").trigger(\"submit\",[true]); }' \/> \n            <input type='hidden' class='gform_hidden' name='is_submit_1' value='1' \/>\n            <input type='hidden' class='gform_hidden' name='gform_submit' value='1' \/>\n            \n            <input type='hidden' class='gform_hidden' name='gform_unique_id' value='' \/>\n            <input type='hidden' class='gform_hidden' name='state_1' value='WyJ7XCIxXCI6W1wiNzc0YWFiMzY3ODI4ZDI0NDM5ZTYxYTc1NDc3NjE3ODlcIixcIjMzODk2NmZmNzBlMjVmZDU2NTdlNWI2ZjA0NzBiNzZhXCJdfSIsImE4ZmFkYzViNjFmN2U3MjA1MDBjNDk1OTc0M2IzNTExIl0=' \/>\n            <input type='hidden' class='gform_hidden' name='gform_target_page_number_1' id='gform_target_page_number_1' value='0' \/>\n            <input type='hidden' class='gform_hidden' name='gform_source_page_number_1' id='gform_source_page_number_1' value='1' \/>\n            <input type='hidden' name='gform_field_values' value='' \/>\n            \n        <\/div>\n                        <\/form>\n                        <\/div><script type=\"text\/javascript\">\n\/* <![CDATA[ *\/\n gform.initializeOnLoaded( function() {gformInitSpinner( 1, 'https:\/\/ww1.amojeunest.be\/intra\/wp-content\/plugins\/gravityforms\/images\/spinner.svg', true );jQuery('#gform_ajax_frame_1').on('load',function(){var contents = jQuery(this).contents().find('*').html();var is_postback = contents.indexOf('GF_AJAX_POSTBACK') >= 0;if(!is_postback){return;}var form_content = jQuery(this).contents().find('#gform_wrapper_1');var is_confirmation = jQuery(this).contents().find('#gform_confirmation_wrapper_1').length > 0;var is_redirect = contents.indexOf('gformRedirect(){') >= 0;var is_form = form_content.length > 0 && ! is_redirect && ! is_confirmation;var mt = parseInt(jQuery('html').css('margin-top'), 10) + parseInt(jQuery('body').css('margin-top'), 10) + 100;if(is_form){form_content.find('form').css('opacity', 0);jQuery('#gform_wrapper_1').html(form_content.html());if(form_content.hasClass('gform_validation_error')){jQuery('#gform_wrapper_1').addClass('gform_validation_error');} else {jQuery('#gform_wrapper_1').removeClass('gform_validation_error');}setTimeout( function() { \/* delay the scroll by 50 milliseconds to fix a bug in chrome *\/  }, 50 );if(window['gformInitDatepicker']) {gformInitDatepicker();}if(window['gformInitPriceFields']) {gformInitPriceFields();}var current_page = jQuery('#gform_source_page_number_1').val();gformInitSpinner( 1, 'https:\/\/ww1.amojeunest.be\/intra\/wp-content\/plugins\/gravityforms\/images\/spinner.svg', true );jQuery(document).trigger('gform_page_loaded', [1, current_page]);window['gf_submitting_1'] = false;}else if(!is_redirect){var confirmation_content = jQuery(this).contents().find('.GF_AJAX_POSTBACK').html();if(!confirmation_content){confirmation_content = contents;}jQuery('#gform_wrapper_1').replaceWith(confirmation_content);jQuery(document).trigger('gform_confirmation_loaded', [1]);window['gf_submitting_1'] = false;wp.a11y.speak(jQuery('#gform_confirmation_message_1').text());}else{jQuery('#gform_1').append(contents);if(window['gformRedirect']) {gformRedirect();}}jQuery(document).trigger(\"gform_pre_post_render\", [{ formId: \"1\", currentPage: \"current_page\", abort: function() { this.preventDefault(); } }]);                if (event && event.defaultPrevented) {                return;         }        const gformWrapperDiv = document.getElementById( \"gform_wrapper_1\" );        if ( gformWrapperDiv ) {            const visibilitySpan = document.createElement( \"span\" );            visibilitySpan.id = \"gform_visibility_test_1\";            gformWrapperDiv.insertAdjacentElement( \"afterend\", visibilitySpan );        }        const visibilityTestDiv = document.getElementById( \"gform_visibility_test_1\" );        let postRenderFired = false;                function triggerPostRender() {            if ( postRenderFired ) {                return;            }            postRenderFired = true;            jQuery( document ).trigger( 'gform_post_render', [1, current_page] );            gform.utils.trigger( { event: 'gform\/postRender', native: false, data: { formId: 1, currentPage: current_page } } );            if ( visibilityTestDiv ) {                visibilityTestDiv.parentNode.removeChild( visibilityTestDiv );            }        }        function debounce( func, wait, immediate ) {            var timeout;            return function() {                var context = this, args = arguments;                var later = function() {                    timeout = null;                    if ( !immediate ) func.apply( context, args );                };                var callNow = immediate && !timeout;                clearTimeout( timeout );                timeout = setTimeout( later, wait );                if ( callNow ) func.apply( context, args );            };        }        const debouncedTriggerPostRender = debounce( function() {            triggerPostRender();        }, 200 );        if ( visibilityTestDiv && visibilityTestDiv.offsetParent === null ) {            const observer = new MutationObserver( ( mutations ) => {                mutations.forEach( ( mutation ) => {                    if ( mutation.type === 'attributes' && visibilityTestDiv.offsetParent !== null ) {                        debouncedTriggerPostRender();                        observer.disconnect();                    }                });            });            observer.observe( document.body, {                attributes: true,                childList: false,                subtree: true,                attributeFilter: [ 'style', 'class' ],            });        } else {            triggerPostRender();        }    } );} ); \n\/* ]]> *\/\n<\/script>\n\t\t\t\t\t\t\t\t<\/div>\n\t\t\t\t<\/div>\n\t\t\t\t\t<\/div>\n\t\t<\/div>\n\t\t\t\t\t<\/div>\n\t\t<\/section>\n\t\t\t\t<\/div>\n\t\t","protected":false},"excerpt":{"rendered":"Annuaire Annuaire de nos diff\u00e9rents contacts Type de contact Professionnel Priv\u00e9 InformationsRenseignez ci-dessous toutes les informations utiles et n\u00e9cessaires pour ce contactNom du partenaire Mentionnez ci-dessous<span class=\"excerpt-hellip\"> [\u2026]<\/span>","protected":false},"author":17,"featured_media":0,"parent":0,"menu_order":0,"comment_status":"closed","ping_status":"closed","template":"","meta":{"footnotes":""},"class_list":["post-2161","page","type-page","status-publish","hentry"],"_links":{"self":[{"href":"https:\/\/ww1.amojeunest.be\/intra\/wp-json\/wp\/v2\/pages\/2161","targetHints":{"allow":["GET"]}}],"collection":[{"href":"https:\/\/ww1.amojeunest.be\/intra\/wp-json\/wp\/v2\/pages"}],"about":[{"href":"https:\/\/ww1.amojeunest.be\/intra\/wp-json\/wp\/v2\/types\/page"}],"author":[{"embeddable":true,"href":"https:\/\/ww1.amojeunest.be\/intra\/wp-json\/wp\/v2\/users\/17"}],"replies":[{"embeddable":true,"href":"https:\/\/ww1.amojeunest.be\/intra\/wp-json\/wp\/v2\/comments?post=2161"}],"version-history":[{"count":8,"href":"https:\/\/ww1.amojeunest.be\/intra\/wp-json\/wp\/v2\/pages\/2161\/revisions"}],"predecessor-version":[{"id":7058,"href":"https:\/\/ww1.amojeunest.be\/intra\/wp-json\/wp\/v2\/pages\/2161\/revisions\/7058"}],"wp:attachment":[{"href":"https:\/\/ww1.amojeunest.be\/intra\/wp-json\/wp\/v2\/media?parent=2161"}],"curies":[{"name":"wp","href":"https:\/\/api.w.org\/{rel}","templated":true}]}}